{"id":87069,"date":"2025-04-09T11:37:41","date_gmt":"2025-04-09T10:37:41","guid":{"rendered":"https:\/\/www.siyuanbalance.com\/erfahrungsberichte\/"},"modified":"2025-04-09T11:37:41","modified_gmt":"2025-04-09T10:37:41","slug":"erfahrungsberichte","status":"publish","type":"page","link":"https:\/\/www.siyuanbalance.com\/de\/erfahrungsberichte\/","title":{"rendered":"Erfahrungsberichte"},"content":{"rendered":"\t\t<div data-elementor-type=\"wp-page\" data-elementor-id=\"87069\" class=\"elementor elementor-87069 elementor-86249\" data-elementor-post-type=\"page\">\n\t\t\t\t<div class=\"elementor-element elementor-element-774209be e-flex e-con-boxed e-con e-parent\" data-id=\"774209be\" data-element_type=\"container\">\n\t\t\t\t\t<div class=\"e-con-inner\">\n\t\t\t\t<div class=\"elementor-element elementor-element-34b006e8 elementor-widget__width-inherit elementor-widget thim-ekits-heading elementor-widget-thim-heading\" data-id=\"34b006e8\" data-element_type=\"widget\" data-widget_type=\"thim-heading.default\">\n\t\t\t\t<div class=\"elementor-widget-container\">\n\t\t\t\t\t<div class=\"sc_heading\"><h1 class=\"title\">Erfahrungsberichte <\/h1><span class=\"line\"><\/span><\/div>\t\t\t\t<\/div>\n\t\t\t\t<\/div>\n\t\t\t\t<div class=\"elementor-element elementor-element-f58bf2c elementor-widget__width-inherit elementor-widget elementor-widget-text-editor\" data-id=\"f58bf2c\" data-element_type=\"widget\" data-widget_type=\"text-editor.default\">\n\t\t\t\t<div class=\"elementor-widget-container\">\n\t\t\t\t\t\t\t\t\t<p>Wir bedanken uns bei allen Studenten weltweit, die sich die Zeit f\u00fcr Feedbacks w\u00e4hrend oder nach den Kursen genommen haben. Sie stimmten zu, ihre Empfindungen \u00fcber Dr. Tan\u2019s Lehren und seine Balance Methode zu teilen. Wenn Sie uns auch Ihr Feedback mitteilen m\u00f6chten, dann schicken Sie es uns per Email.  <\/p>\t\t\t\t\t\t\t\t<\/div>\n\t\t\t\t<\/div>\n\t\t\t\t<div class=\"elementor-element elementor-element-5255d94f elementor-widget thim-widget-button\" data-id=\"5255d94f\" data-element_type=\"widget\" data-widget_type=\"thim-button.default\">\n\t\t\t\t<div class=\"elementor-widget-container\">\n\t\t\t\t\t<a class=\"widget-button normal\" href=\"https:\/\/www.siyuanbalance.com\/wp-content\/uploads\/2015\/01\/testimony-authorisation.pdf\" target=\"_blank\"><svg aria-hidden=\"true\" class=\"e-font-icon-svg e-far-file-pdf\" viewBox=\"0 0 384 512\" xmlns=\"http:\/\/www.w3.org\/2000\/svg\"><path d=\"M369.9 97.9L286 14C277 5 264.8-.1 252.1-.1H48C21.5 0 0 21.5 0 48v416c0 26.5 21.5 48 48 48h288c26.5 0 48-21.5 48-48V131.9c0-12.7-5.1-25-14.1-34zM332.1 128H256V51.9l76.1 76.1zM48 464V48h160v104c0 13.3 10.7 24 24 24h104v288H48zm250.2-143.7c-12.2-12-47-8.7-64.4-6.5-17.2-10.5-28.7-25-36.8-46.3 3.9-16.1 10.1-40.6 5.4-56-4.2-26.2-37.8-23.6-42.6-5.9-4.4 16.1-.4 38.5 7 67.1-10 23.9-24.9 56-35.4 74.4-20 10.3-47 26.2-51 46.2-3.3 15.8 26 55.2 76.1-31.2 22.4-7.4 46.8-16.5 68.4-20.1 18.9 10.2 41 17 55.8 17 25.5 0 28-28.2 17.5-38.7zm-198.1 77.8c5.1-13.7 24.5-29.5 30.4-35-19 30.3-30.4 35.7-30.4 35zm81.6-190.6c7.4 0 6.7 32.1 1.8 40.8-4.4-13.9-4.3-40.8-1.8-40.8zm-24.4 136.6c9.7-16.9 18-37 24.7-54.7 8.3 15.1 18.9 27.2 30.1 35.5-20.8 4.3-38.9 13.1-54.8 19.2zm131.6-5s-5 6-37.3-7.8c35.1-2.6 40.9 5.4 37.3 7.8z\"><\/path><\/svg>Laden Sie die Autorisierung f\u00fcr Testimonials herunter<\/a>\t\t\t\t<\/div>\n\t\t\t\t<\/div>\n\t\t\t\t\t<\/div>\n\t\t\t\t<\/div>\n\t\t<div class=\"elementor-element elementor-element-39e34150 e-flex e-con-boxed e-con e-parent\" data-id=\"39e34150\" data-element_type=\"container\">\n\t\t\t\t\t<div class=\"e-con-inner\">\n\t\t\t\t<div class=\"elementor-element elementor-element-285be433 elementor-widget elementor-widget-thim-video\" data-id=\"285be433\" data-element_type=\"widget\" data-widget_type=\"thim-video.default\">\n\t\t\t\t<div class=\"elementor-widget-container\">\n\t\t\t\t\t<div class=\"thim-video-box\">\n\t<div class=\"video-container\">\n\t\t<div class=\"video\"><iframe id=\"thim-video\" width=\"100%\" height=\"100%\" src=\"https:\/\/www.youtube.com\/embed\/https:\/\/www.youtube.com\/playlist?list=PLVpQuuHOUSJ0aRI5RV1YviuHbeZs6ckwv\" allowfullscreen style=\"border: 0;\"><\/iframe><\/div>\t<\/div>\n<\/div>\t\t\t\t<\/div>\n\t\t\t\t<\/div>\n\t\t\t\t<div class=\"elementor-element elementor-element-4c7f45f2 elementor-testimonial--skin-bubble elementor-testimonial--layout-image_left elementor-testimonial--align-center elementor-arrows-yes elementor-pagination-type-bullets elementor-widget elementor-widget-testimonial-carousel\" data-id=\"4c7f45f2\" data-element_type=\"widget\" data-settings=\"{&quot;speed&quot;:1000,&quot;lazyload&quot;:&quot;yes&quot;,&quot;show_arrows&quot;:&quot;yes&quot;,&quot;pagination&quot;:&quot;bullets&quot;,&quot;autoplay&quot;:&quot;yes&quot;,&quot;autoplay_speed&quot;:5000,&quot;loop&quot;:&quot;yes&quot;,&quot;pause_on_hover&quot;:&quot;yes&quot;,&quot;pause_on_interaction&quot;:&quot;yes&quot;,&quot;space_between&quot;:{&quot;unit&quot;:&quot;px&quot;,&quot;size&quot;:10,&quot;sizes&quot;:[]},&quot;space_between_tablet&quot;:{&quot;unit&quot;:&quot;px&quot;,&quot;size&quot;:10,&quot;sizes&quot;:[]},&quot;space_between_mobile&quot;:{&quot;unit&quot;:&quot;px&quot;,&quot;size&quot;:10,&quot;sizes&quot;:[]}}\" data-widget_type=\"testimonial-carousel.default\">\n\t\t\t\t<div class=\"elementor-widget-container\">\n\t\t\t\t\t\t\t\t\t<div class=\"elementor-swiper\">\n\t\t\t\t\t<div class=\"elementor-main-swiper swiper\" role=\"region\" aria-roledescription=\"carousel\" aria-label=\"Slider\">\n\t\t\t\t<div class=\"swiper-wrapper\">\n\t\t\t\t\t\t\t\t\t\t\t<div class=\"swiper-slide\" role=\"group\" aria-roledescription=\"slide\">\n\t\t\t\t\t\t\t\t\t<div class=\"elementor-testimonial\">\n\t\t\t\t\t\t\t<div class=\"elementor-testimonial__content\">\n\t\t\t\t\t<div class=\"elementor-testimonial__text\">\n\t\t\t\t\t\t<p>Ich zahle den vollen Preis und bin zutiefst dankbar. Nach Abschluss der vorherigen Kurse kann ich t\u00e4glich 20 Patienten mit unerwartetem Erfolg behandeln. Ihre Kurse sind gro\u00dfartig, vielen Dank!  <\/p>\n\t\t\t\t\t<\/div>\n\t\t\t\t\t\t\t\t\t<\/div>\n\t\t\t\t\t\t<div class=\"elementor-testimonial__footer\">\n\t\t\t\t\t\t\t\t\t<div class=\"elementor-testimonial__image\">\n\t\t\t\t\t\t<img class=\"swiper-lazy\" data-src=\"https:\/\/www.siyuanbalance.com\/wp-content\/uploads\/2025\/04\/003-girl.png\" alt=\"Amelia N.\">\n\t\t\t\t\t\t\t\t\t\t\t\t\t<div class=\"swiper-lazy-preloader\"><\/div>\n\t\t\t\t\t\t\t\t\t\t\t<\/div>\n\t\t\t\t\t\t\t\t<cite class=\"elementor-testimonial__cite\"><span class=\"elementor-testimonial__name\">Amelia N.<\/span><\/cite>\t\t\t<\/div>\n\t\t<\/div>\n\t\t\t\t\t\t\t\t<\/div>\n\t\t\t\t\t\t\t\t\t\t\t<div class=\"swiper-slide\" role=\"group\" aria-roledescription=\"slide\">\n\t\t\t\t\t\t\t\t\t<div class=\"elementor-testimonial\">\n\t\t\t\t\t\t\t<div class=\"elementor-testimonial__content\">\n\t\t\t\t\t<div class=\"elementor-testimonial__text\">\n\t\t\t\t\t\t<p>Seitdem wende ich die Balance-Methode bei Freunden und Familie an und bin wirklich begeistert! Sie kommt meiner logischen Seite sehr entgegen, und ich finde es toll, wie sie Akupunktur f\u00fcr Menschen zug\u00e4nglicher macht, die sie sich sonst vielleicht nicht leisten k\u00f6nnten, da sie in einer Mehrbett-Behandlung so gut funktioniert. Ich habe sogar meinen Stiefvater \u2013 einen echten Akupunktur-Zyniker \u2013 bekehrt, als seine Schultersteife nach nur wenigen Behandlungen besser wurde!  <\/p>\n\t\t\t\t\t<\/div>\n\t\t\t\t\t\t\t\t\t<\/div>\n\t\t\t\t\t\t<div class=\"elementor-testimonial__footer\">\n\t\t\t\t\t\t\t\t\t<div class=\"elementor-testimonial__image\">\n\t\t\t\t\t\t<img class=\"swiper-lazy\" data-src=\"https:\/\/www.siyuanbalance.com\/wp-content\/uploads\/2025\/04\/009-girl-5.png\" alt=\"Anne-Marie Fouche\">\n\t\t\t\t\t\t\t\t\t\t\t\t\t<div class=\"swiper-lazy-preloader\"><\/div>\n\t\t\t\t\t\t\t\t\t\t\t<\/div>\n\t\t\t\t\t\t\t\t<cite class=\"elementor-testimonial__cite\"><span class=\"elementor-testimonial__name\">Anne-Marie Fouche<\/span><span class=\"elementor-testimonial__title\">UK<\/span><\/cite>\t\t\t<\/div>\n\t\t<\/div>\n\t\t\t\t\t\t\t\t<\/div>\n\t\t\t\t\t\t\t\t\t\t\t<div class=\"swiper-slide\" role=\"group\" aria-roledescription=\"slide\">\n\t\t\t\t\t\t\t\t\t<div class=\"elementor-testimonial\">\n\t\t\t\t\t\t\t<div class=\"elementor-testimonial__content\">\n\t\t\t\t\t<div class=\"elementor-testimonial__text\">\n\t\t\t\t\t\t<p>Ich habe nur die ersten beiden Tage des Kurses gemacht, da ich nicht sicher war, wie ich mit dem Erlernen eines v\u00f6llig neuen Systems zurechtkommen w\u00fcrde. Ich habe den Kurs gestern Abend (Freitag) um 18:20 Uhr beendet und beschloss, mutig zu sein und ihn heute Samstagmorgen um 10:00 Uhr bei meinem ersten Patienten anzuwenden. Ich muss sagen, ich war nerv\u00f6s, da der Patient Ischias hatte und ich dies schon oft erfolgreich mit TCM-basierten Theorien behandelt habe, aber nachdem ich den Kurs bezahlt und mich ge\u00f6ffnet hatte, beschloss ich, es zu versuchen. Mein Patient war erstaunt und erfreut \u00fcber die sofortigen Ergebnisse und ich muss sagen, ich war es auch, aber genau wie Delphine sagte, habe ich es mir nicht anmerken lassen! Ich brauche jetzt Schauspielunterricht, um zu verbergen, wie ich mich wirklich f\u00fchle! Ein riesiges Dankesch\u00f6n an das gesamte Si Yuan-Team, denn wie bei den meisten Dingen bin ich sicher, dass es viele Leute gibt, die diese Kurse m\u00f6glich machen.<br \/>\nIch werde f\u00fcr mehr zur\u00fcckkommen.     <\/p>\n\t\t\t\t\t<\/div>\n\t\t\t\t\t\t\t\t\t<\/div>\n\t\t\t\t\t\t<div class=\"elementor-testimonial__footer\">\n\t\t\t\t\t\t\t\t\t<div class=\"elementor-testimonial__image\">\n\t\t\t\t\t\t<img class=\"swiper-lazy\" data-src=\"https:\/\/www.siyuanbalance.com\/wp-content\/uploads\/2025\/04\/007-girl-3.png\" alt=\"Amanda Banks\">\n\t\t\t\t\t\t\t\t\t\t\t\t\t<div class=\"swiper-lazy-preloader\"><\/div>\n\t\t\t\t\t\t\t\t\t\t\t<\/div>\n\t\t\t\t\t\t\t\t<cite class=\"elementor-testimonial__cite\"><span class=\"elementor-testimonial__name\">Amanda Banks<\/span><span class=\"elementor-testimonial__title\">UK<\/span><\/cite>\t\t\t<\/div>\n\t\t<\/div>\n\t\t\t\t\t\t\t\t<\/div>\n\t\t\t\t\t\t\t\t\t\t\t<div class=\"swiper-slide\" role=\"group\" aria-roledescription=\"slide\">\n\t\t\t\t\t\t\t\t\t<div class=\"elementor-testimonial\">\n\t\t\t\t\t\t\t<div class=\"elementor-testimonial__content\">\n\t\t\t\t\t<div class=\"elementor-testimonial__text\">\n\t\t\t\t\t\t<p>Vielleicht erinnern Sie sich an mich von der Schulung in Luzern, wo Sie mir zweimal mit Akupunktur geholfen haben, meinen Ringfinger zu heilen.<br \/>\nIch setze die Behandlung hier in Alkmaar\/Amsterdam fort, die Ergebnisse sind wirklich spektakul\u00e4r. Das Gewebe ist jetzt sehr weich, das Zittern und die W\u00e4rme sind verschwunden. Ich glaube, ich habe jetzt 75 % meiner Sensibilit\u00e4t zur\u00fcck.<br \/>\nIn den letzten zwei Wochen habe ich sechs Personen mit der 1.2.3.-Methode von Dr. Tan behandelt, alle mit gro\u00dfartigen Ergebnissen.<br \/>\nZum Beispiel meine 83-j\u00e4hrige Gro\u00dfmutter, die starke R\u00fcckenschmerzen hatte und sehr schwach war. Nach zwei Behandlungen mit der 1.2.3.-Methode waren die Schmerzen v\u00f6llig verschwunden.<br \/>\nNochmals vielen Dank f\u00fcr Ihre wunderbare und klare Pr\u00e4sentation. Ich habe Ihren gro\u00dfartigen Humor und Ihren franz\u00f6sischen Akzent sehr genossen.  <\/p>\n\t\t\t\t\t<\/div>\n\t\t\t\t\t\t\t\t\t<\/div>\n\t\t\t\t\t\t<div class=\"elementor-testimonial__footer\">\n\t\t\t\t\t\t\t\t\t<div class=\"elementor-testimonial__image\">\n\t\t\t\t\t\t<img class=\"swiper-lazy\" data-src=\"https:\/\/www.siyuanbalance.com\/wp-content\/uploads\/2025\/04\/015-boy-3.png\" alt=\"Ruben Imming\">\n\t\t\t\t\t\t\t\t\t\t\t\t\t<div class=\"swiper-lazy-preloader\"><\/div>\n\t\t\t\t\t\t\t\t\t\t\t<\/div>\n\t\t\t\t\t\t\t\t<cite class=\"elementor-testimonial__cite\"><span class=\"elementor-testimonial__name\">Ruben Imming<\/span><span class=\"elementor-testimonial__title\">Holland<\/span><\/cite>\t\t\t<\/div>\n\t\t<\/div>\n\t\t\t\t\t\t\t\t<\/div>\n\t\t\t\t\t\t\t\t\t\t\t<div class=\"swiper-slide\" role=\"group\" aria-roledescription=\"slide\">\n\t\t\t\t\t\t\t\t\t<div class=\"elementor-testimonial\">\n\t\t\t\t\t\t\t<div class=\"elementor-testimonial__content\">\n\t\t\t\t\t<div class=\"elementor-testimonial__text\">\n\t\t\t\t\t\t<p>Vielen Dank f\u00fcr das tolle Seminar in Paris, das Ihnen die wichtigsten Grundlagen vermittelt hat. Endlich macht Akupunktur wirklich Sinn. Die Balance-Methode von Dr. Tan er\u00f6ffnet uns eine v\u00f6llig neue Sicht auf Akupunktur und ihre unmittelbaren Ergebnisse. Wir sind enorm inspiriert und erzielen in unserer Praxis bereits hervorragende Ergebnisse. Wir freuen uns auf den Fortgeschrittenenkurs und ermutigen unsere Kollegen, Dr. Tan ebenfalls zu folgen.    <\/p>\n\t\t\t\t\t<\/div>\n\t\t\t\t\t\t\t\t\t<\/div>\n\t\t\t\t\t\t<div class=\"elementor-testimonial__footer\">\n\t\t\t\t\t\t\t\t\t<div class=\"elementor-testimonial__image\">\n\t\t\t\t\t\t<img class=\"swiper-lazy\" data-src=\"https:\/\/www.siyuanbalance.com\/wp-content\/uploads\/2025\/04\/014-man-2.png\" alt=\"Taco and Ping\">\n\t\t\t\t\t\t\t\t\t\t\t\t\t<div class=\"swiper-lazy-preloader\"><\/div>\n\t\t\t\t\t\t\t\t\t\t\t<\/div>\n\t\t\t\t\t\t\t\t<cite class=\"elementor-testimonial__cite\"><span class=\"elementor-testimonial__name\">Taco and Ping<\/span><\/cite>\t\t\t<\/div>\n\t\t<\/div>\n\t\t\t\t\t\t\t\t<\/div>\n\t\t\t\t\t\t\t\t\t<\/div>\n\t\t\t\t\t\t\t\t\t\t\t\t\t\t\t<div class=\"elementor-swiper-button elementor-swiper-button-prev\" role=\"button\" tabindex=\"0\" aria-label=\"Voriger\">\n\t\t\t\t\t\t\t<svg aria-hidden=\"true\" class=\"e-font-icon-svg e-eicon-chevron-left\" viewBox=\"0 0 1000 1000\" xmlns=\"http:\/\/www.w3.org\/2000\/svg\"><path d=\"M646 125C629 125 613 133 604 142L308 442C296 454 292 471 292 487 292 504 296 521 308 533L604 854C617 867 629 875 646 875 663 875 679 871 692 858 704 846 713 829 713 812 713 796 708 779 692 767L438 487 692 225C700 217 708 204 708 187 708 171 704 154 692 142 675 129 663 125 646 125Z\"><\/path><\/svg>\t\t\t\t\t\t<\/div>\n\t\t\t\t\t\t<div class=\"elementor-swiper-button elementor-swiper-button-next\" role=\"button\" tabindex=\"0\" aria-label=\"N\u00e4chster\">\n\t\t\t\t\t\t\t<svg aria-hidden=\"true\" class=\"e-font-icon-svg e-eicon-chevron-right\" viewBox=\"0 0 1000 1000\" xmlns=\"http:\/\/www.w3.org\/2000\/svg\"><path d=\"M696 533C708 521 713 504 713 487 713 471 708 454 696 446L400 146C388 133 375 125 354 125 338 125 325 129 313 142 300 154 292 171 292 187 292 204 296 221 308 233L563 492 304 771C292 783 288 800 288 817 288 833 296 850 308 863 321 871 338 875 354 875 371 875 388 867 400 854L696 533Z\"><\/path><\/svg>\t\t\t\t\t\t<\/div>\n\t\t\t\t\t\t\t\t\t\t\t\t\t\t\t\t<div class=\"swiper-pagination\"><\/div>\n\t\t\t\t\t\t\t\t\t\t\t\t<\/div>\n\t\t\t\t<\/div>\n\t\t\t\t\t\t\t\t<\/div>\n\t\t\t\t<\/div>\n\t\t\t\t\t<\/div>\n\t\t\t\t<\/div>\n\t\t\t\t<\/div>\n\t\t","protected":false},"excerpt":{"rendered":"<p>Erfahrungsberichte Wir bedanken uns bei allen Studenten weltweit, die sich die Zeit f\u00fcr Feedbacks w\u00e4hrend oder nach den Kursen genommen haben. Sie stimmten zu, ihre Empfindungen \u00fcber Dr. Tan\u2019s Lehren und seine Balance Methode zu teilen. Wenn Sie uns auch Ihr Feedback mitteilen m\u00f6chten, dann schicken Sie es uns per &hellip; <\/p>\n","protected":false},"author":1,"featured_media":0,"parent":0,"menu_order":0,"comment_status":"closed","ping_status":"closed","template":"","meta":{"footnotes":""},"class_list":["post-87069","page","type-page","status-publish","hentry"],"_links":{"self":[{"href":"https:\/\/www.siyuanbalance.com\/de\/wp-json\/wp\/v2\/pages\/87069","targetHints":{"allow":["GET"]}}],"collection":[{"href":"https:\/\/www.siyuanbalance.com\/de\/wp-json\/wp\/v2\/pages"}],"about":[{"href":"https:\/\/www.siyuanbalance.com\/de\/wp-json\/wp\/v2\/types\/page"}],"author":[{"embeddable":true,"href":"https:\/\/www.siyuanbalance.com\/de\/wp-json\/wp\/v2\/users\/1"}],"replies":[{"embeddable":true,"href":"https:\/\/www.siyuanbalance.com\/de\/wp-json\/wp\/v2\/comments?post=87069"}],"version-history":[{"count":1,"href":"https:\/\/www.siyuanbalance.com\/de\/wp-json\/wp\/v2\/pages\/87069\/revisions"}],"predecessor-version":[{"id":87070,"href":"https:\/\/www.siyuanbalance.com\/de\/wp-json\/wp\/v2\/pages\/87069\/revisions\/87070"}],"wp:attachment":[{"href":"https:\/\/www.siyuanbalance.com\/de\/wp-json\/wp\/v2\/media?parent=87069"}],"curies":[{"name":"wp","href":"https:\/\/api.w.org\/{rel}","templated":true}]}}