{"id":90760,"date":"2025-05-28T14:03:58","date_gmt":"2025-05-28T13:03:58","guid":{"rendered":"https:\/\/www.siyuanbalance.com\/?post_type=product&#038;p=90760"},"modified":"2025-09-23T10:22:13","modified_gmt":"2025-09-23T09:22:13","slug":"acucore-lokale-balance-und-globale-balance-online-de-september-2025","status":"publish","type":"product","link":"https:\/\/www.siyuanbalance.com\/de\/produkt\/acucore-lokale-balance-und-globale-balance-online-de-september-2025\/","title":{"rendered":"AcuCore Lokale Balance und  Globale Balance | Online (EN-DE) | September 2025"},"content":{"rendered":"\t\t<div data-elementor-type=\"product-post\" data-elementor-id=\"90760\" class=\"elementor elementor-90760\" data-elementor-post-type=\"product\">\n\t\t\t\t<div class=\"elementor-element elementor-element-83477da e-flex e-con-boxed e-con e-parent\" data-id=\"83477da\" data-element_type=\"container\">\n\t\t\t\t\t<div class=\"e-con-inner\">\n\t\t<div class=\"elementor-element elementor-element-4488130 e-con-full e-flex e-con e-child\" data-id=\"4488130\" data-element_type=\"container\">\n\t\t\t\t<div class=\"elementor-element elementor-element-7130243 elementor-widget elementor-widget-text-editor\" data-id=\"7130243\" data-element_type=\"widget\" data-widget_type=\"text-editor.default\">\n\t\t\t\t<div class=\"elementor-widget-container\">\n\t\t\t\t\t\t\t\t\t<p><strong>Sprache: <\/strong>Deutsch ins Englische \u00fcbersetzt<br \/><strong>Lehrerin:<\/strong> Sandra Wilfert | Assistentin: Laurence Meyfroodt<\/p><h3>AcuCore 1 : Lokale Balance<\/h3><p><strong>18. September<br \/><\/strong>9h00 &#8211; 13h00 \/ 14h00 &#8211; 17h00 Pariser Zeit (GMT+1)<\/p><p><strong>19. September<br \/><\/strong>9h00 &#8211; 13h00 \/ 14h00 &#8211; 17h00 Pariser Zeit (GMT+1)<\/p><p>\t\t<a\t\t\t\thref=\"javascript:void(0)\"\r\n\t\t\t\tclass=\"sgpb-show-popup sgpb-popup-id-79297\"\r\n\t\tdata-sgpbpopupid=\"79297\"\r\n\t\tdata-popup-event=\"click\"\r\n\t\t>\r\n\t\tVoraussetzung\t\t<\/a>\r\n\t\t\u00a0\u00a0 \t\t<a\t\t\t\thref=\"javascript:void(0)\"\r\n\t\t\t\tclass=\"sgpb-show-popup sgpb-popup-id-70448\"\r\n\t\tdata-sgpbpopupid=\"70448\"\r\n\t\tdata-popup-event=\"click\"\r\n\t\t>\r\n\t\tDetailliertes Programm\t\t<\/a>\r\n\t\t<\/p><h3>AcuCore 2 : Globale Balance<\/h3><p><strong>20. September<br \/><\/strong>9h00 &#8211; 13h00 \/ 14h00 &#8211; 17h00 Pariser Zeit (GMT+1)<\/p><p><strong>21. September<br \/><\/strong>9h00 &#8211; 13h00 \/ 14h00 &#8211; 17h00 Pariser Zeit (GMT+1)<\/p><p>\t\t<a\t\t\t\thref=\"javascript:void(0)\"\r\n\t\t\t\tclass=\"sgpb-show-popup sgpb-popup-id-79298\"\r\n\t\tdata-sgpbpopupid=\"79298\"\r\n\t\tdata-popup-event=\"click\"\r\n\t\t>\r\n\t\tVoraussetzung\t\t<\/a>\r\n\t\t\u00a0\u00a0 \t\t<a\t\t\t\thref=\"javascript:void(0)\"\r\n\t\t\t\tclass=\"sgpb-show-popup sgpb-popup-id-70447\"\r\n\t\tdata-sgpbpopupid=\"70447\"\r\n\t\tdata-popup-event=\"click\"\r\n\t\t>\r\n\t\tDetailliertes Programm\t\t<\/a>\r\n\t\t<\/p><ul><li>Alle unsere Kurse finden in Pariser Zeit statt. Bitte verwenden Sie unser Zeitumrechnungstool, um die Zeiten an Ihrem Standort zu best\u00e4tigen.<\/li><li>Die Kurse von Si Yuan sind von den meisten Akupunkturverb\u00e4nden weltweit f\u00fcr die Weiterbildung akkreditiert. Bitte kontaktieren Sie uns, um sich nach einem bestimmten Verband zu erkundigen<\/li><\/ul><p>\t\t<a\t\t\t\thref=\"javascript:void(0)\"\r\n\t\t\t\tclass=\"sgpb-show-popup sgpb-popup-id-70449\"\r\n\t\tdata-sgpbpopupid=\"70449\"\r\n\t\tdata-popup-event=\"click\"\r\n\t\t>\r\n\t\tInformationen\t\t<\/a>\r\n\t\t<\/p><p><strong>Begleiten Sie uns, um wahre Ver\u00e4nderung zu erfahren!<\/strong><\/p><ul><li>Si Yuan ist dem Grundsatz verpflichtet, dass Bildungsm\u00f6glichkeiten unabh\u00e4ngig von der finanziellen Situation zug\u00e4nglich sein sollten. Wenn Sie ein Akupunkteur sind, der vor wirtschaftlichen Herausforderungen steht oder in einer einkommensschwachen Region lebt, sind Sie eingeladen, Si Yuan zu kontaktieren, um L\u00f6sungen\u00a0zu\u00a0besprechen.<\/li><\/ul><ul><li><strong><span style=\"color: #ff0000;\">Bei jeder Anmeldung VOR dem 1. August profitieren Sie von einer Erm\u00e4\u00dfigung von 20 %<\/span><\/strong><\/li><\/ul>\t\t\t\t\t\t\t\t<\/div>\n\t\t\t\t<\/div>\n\t\t\t\t<\/div>\n\t\t<div class=\"elementor-element elementor-element-c7eefbc e-con-full e-flex e-con e-child\" data-id=\"c7eefbc\" data-element_type=\"container\">\n\t\t\t\t<div class=\"elementor-element elementor-element-396e258 elementor-widget elementor-widget-video\" data-id=\"396e258\" data-element_type=\"widget\" data-settings=\"{&quot;video_type&quot;:&quot;vimeo&quot;}\" data-widget_type=\"video.default\">\n\t\t\t\t<div class=\"elementor-widget-container\">\n\t\t\t\t\t\t\t<div class=\"elementor-wrapper elementor-open-inline\">\n\t\t\t<iframe class=\"elementor-video-iframe\" allowfullscreen allow=\"clipboard-write\" title=\"vimeo Video Player\" src=\"https:\/\/player.vimeo.com\/video\/1093051195?color&amp;autopause=0&amp;loop=0&amp;muted=0&amp;title=1&amp;portrait=1&amp;byline=1#t=\"><\/iframe>\t\t<\/div>\n\t\t\t\t\t\t<\/div>\n\t\t\t\t<\/div>\n\t\t\t\t<\/div>\n\t\t\t\t\t<\/div>\n\t\t\t\t<\/div>\n\t\t\t\t<\/div>\n\t\t","protected":false},"excerpt":{"rendered":"<p>Clinical Wonders with Acupuncture 1,2,3.\/ Clinical Wonders in Practice.\/ Global Balance for Functional Disorders.\/ Global Balance in Practice.<\/p>\n","protected":false},"featured_media":77025,"comment_status":"closed","ping_status":"closed","template":"","meta":[],"product_brand":[],"product_cat":[74],"product_tag":[],"class_list":{"0":"post-90760","1":"product","2":"type-product","3":"status-publish","4":"has-post-thumbnail","6":"product_cat-unkategorisiert","8":"first","9":"instock","10":"virtual","11":"purchasable","12":"product-type-simple"},"_links":{"self":[{"href":"https:\/\/www.siyuanbalance.com\/de\/wp-json\/wp\/v2\/product\/90760","targetHints":{"allow":["GET"]}}],"collection":[{"href":"https:\/\/www.siyuanbalance.com\/de\/wp-json\/wp\/v2\/product"}],"about":[{"href":"https:\/\/www.siyuanbalance.com\/de\/wp-json\/wp\/v2\/types\/product"}],"replies":[{"embeddable":true,"href":"https:\/\/www.siyuanbalance.com\/de\/wp-json\/wp\/v2\/comments?post=90760"}],"version-history":[{"count":1,"href":"https:\/\/www.siyuanbalance.com\/de\/wp-json\/wp\/v2\/product\/90760\/revisions"}],"predecessor-version":[{"id":91091,"href":"https:\/\/www.siyuanbalance.com\/de\/wp-json\/wp\/v2\/product\/90760\/revisions\/91091"}],"wp:featuredmedia":[{"embeddable":true,"href":"https:\/\/www.siyuanbalance.com\/de\/wp-json\/wp\/v2\/media\/77025"}],"wp:attachment":[{"href":"https:\/\/www.siyuanbalance.com\/de\/wp-json\/wp\/v2\/media?parent=90760"}],"wp:term":[{"taxonomy":"product_brand","embeddable":true,"href":"https:\/\/www.siyuanbalance.com\/de\/wp-json\/wp\/v2\/product_brand?post=90760"},{"taxonomy":"product_cat","embeddable":true,"href":"https:\/\/www.siyuanbalance.com\/de\/wp-json\/wp\/v2\/product_cat?post=90760"},{"taxonomy":"product_tag","embeddable":true,"href":"https:\/\/www.siyuanbalance.com\/de\/wp-json\/wp\/v2\/product_tag?post=90760"}],"curies":[{"name":"wp","href":"https:\/\/api.w.org\/{rel}","templated":true}]}}