{"id":86786,"date":"2025-04-08T17:54:21","date_gmt":"2025-04-08T16:54:21","guid":{"rendered":"https:\/\/www.siyuanbalance.com\/projets-si-yuan\/"},"modified":"2025-04-08T17:54:21","modified_gmt":"2025-04-08T16:54:21","slug":"projets-si-yuan","status":"publish","type":"page","link":"https:\/\/www.siyuanbalance.com\/fr\/projets-si-yuan\/","title":{"rendered":"Projets Si Yuan"},"content":{"rendered":"\t\t<div data-elementor-type=\"wp-page\" data-elementor-id=\"86786\" class=\"elementor elementor-86786 elementor-86195\" data-elementor-post-type=\"page\">\n\t\t\t\t<div class=\"elementor-element elementor-element-5771ed94 e-flex e-con-boxed e-con e-parent\" data-id=\"5771ed94\" data-element_type=\"container\">\n\t\t\t\t\t<div class=\"e-con-inner\">\n\t\t<div class=\"elementor-element elementor-element-791d4f92 e-con-full e-flex e-con e-child\" data-id=\"791d4f92\" data-element_type=\"container\">\n\t\t\t\t<div class=\"elementor-element elementor-element-3187756 elementor-widget elementor-widget-text-editor\" data-id=\"3187756\" data-element_type=\"widget\" data-widget_type=\"text-editor.default\">\n\t\t\t\t<div class=\"elementor-widget-container\">\n\t\t\t\t\t\t\t\t\t<h1>Projets Si Yuan<\/h1>\r\n<img decoding=\"async\" class=\"alignright wp-image-42682\" src=\"https:\/\/dev.siyuanbalance.com\/wp-content\/uploads\/2018\/06\/Cambodia2017.gif\" alt=\"\" width=\"200\" height=\"193\">Si Yuan veut inspirer les acupuncteurs M\u00e9thode d\u2019Equilibre qu\u2019il forme \u00e0 r\u00e9aliser tout leur potentiel. Ce processus de d\u00e9veloppement personnel n\u00e9cessite une formation continue, une pratique r\u00e9p\u00e9t\u00e9e et de nouveaux d\u00e9fis \r\n\r\nAinsi, de nombreux praticiens Si Yuan ont investi leur temps, leur \u00e9nergie et leur argent en participant \u00e0 des <a href=\"https:\/\/gbalance.org\" rel=\"noopener\" target=\"_blank\">missions humanitaires <\/a>pour traiter ceux dans le besoin.\r\n\r\nNous vous invitons \u00e0 suivre leur exemple en offrant notre soutien.<br>Les praticiens qui soumettent \r\n<ol>\r\n \t<li><a href=\"https:\/\/www.gbalance.org\/why-join-a-mission\/apply-for-a-mission\/\" target=\"_blank\" rel=\"noopener noreferrer\">une demande de candidature <\/a><\/li>\r\n \t<li>pour une mission avec Global Balance Foundation (GBF)<\/li>\r\n<\/ol>\r\nrecevront une remise de 9% sur les formations d\u2019acupuncture Si Yuan.\r\n\r\n<hr>\r\n<p style=\"text-align: left;\">Cette r\u00e9duction est applicable \u00e0 un nombre illimit\u00e9 de cours depuis votre acceptation officielle \u00e0 la mission et jusqu\u2019\u00e0 12 mois apr\u00e8s la date de fin de mission. La r\u00e9duction est valable uniquement pour les missions de GBF ou des associations avec lesquelles elle coop\u00e8re. <\/p>\r\nChaque candidat doit <a href=\"https:\/\/www.gbalance.org\/why-join-a-mission\/upcoming-missions\/\" target=\"_blank\" rel=\"noopener noreferrer\">envoyer sa candidature <\/a>\u00e0 GBF. Si, pour une raison quelconque, un candidat n\u2019\u00e9tait pas s\u00e9lectionn\u00e9 pour la mission demand\u00e9e, ou s\u2019il annulait sa participation, la r\u00e9duction pourrait \u00eatre arr\u00eat\u00e9e. Il en sera d\u00e9cid\u00e9 au cas par cas.  \r\n\r\n<hr>\r\n\r\nEn plus d\u2019am\u00e9liorer leurs comp\u00e9tences cliniques, les Acupuncteurs et Assistants Acupuncteurs rejoignant une mission re\u00e7oivent un certificat de participation. Cette exp\u00e9rience sera \u00e9galement prise en consid\u00e9ration pour la qualification aux niveaux de certification Si Yuan. \r\n\r\nSi Yuan croit qu\u2019il est important d\u2019offrir aux praticiens des opportunit\u00e9s d\u2019approfondir leurs connaissances et d\u2019\u00e9largir leur horizon, tout en promouvant l\u2019humanit\u00e9, la sant\u00e9 et l\u2019\u00e9quilibre au monde.\r\n\r\n<img decoding=\"async\" class=\"alignleft wp-image-42658 size-thumbnail\" src=\"https:\/\/dev.siyuanbalance.com\/wp-content\/uploads\/2018\/06\/Logo_GBF_png-150x150.png\" alt=\"\" width=\"150\" height=\"150\" srcset=\"https:\/\/www.siyuanbalance.com\/wp-content\/uploads\/2018\/06\/Logo_GBF_png-150x150.png 150w, https:\/\/www.siyuanbalance.com\/wp-content\/uploads\/2018\/06\/Logo_GBF_png-100x100.png 100w, https:\/\/www.siyuanbalance.com\/wp-content\/uploads\/2018\/06\/Logo_GBF_png-90x90.png 90w, https:\/\/www.siyuanbalance.com\/wp-content\/uploads\/2018\/06\/Logo_GBF_png-300x300.png 300w, https:\/\/www.siyuanbalance.com\/wp-content\/uploads\/2018\/06\/Logo_GBF_png-135x135.png 135w, https:\/\/www.siyuanbalance.com\/wp-content\/uploads\/2018\/06\/Logo_GBF_png-48x48.png 48w, https:\/\/www.siyuanbalance.com\/wp-content\/uploads\/2018\/06\/Logo_GBF_png-59x60.png 59w, https:\/\/www.siyuanbalance.com\/wp-content\/uploads\/2018\/06\/Logo_GBF_png-270x270.png 270w, https:\/\/www.siyuanbalance.com\/wp-content\/uploads\/2018\/06\/Logo_GBF_png-96x96.png 96w\" sizes=\"(max-width: 150px) 100vw, 150px\" \/>\r\n<p style=\"text-align: left;\"><a href=\"https:\/\/www.gbalance.org\/\" target=\"_blank\" rel=\"noopener noreferrer\">Global Balance Foundation<\/a>, est une association \u00e0 but non lucratif d\u00e9veloppant des solutions de sant\u00e9 pour les populations dans le besoin.<\/p>\r\n<p style=\"text-align: left;\">En offrant non seulement des traitements mais \u00e9galement des formations en acupuncture et massages th\u00e9rapeutiques, GBF offre aux populations ayant un acc\u00e8s limit\u00e9 aux soins de sant\u00e9 des solutions accessibles \u00e0 moindre co\u00fbt.<\/p>\t\t\t\t\t\t\t\t<\/div>\n\t\t\t\t<\/div>\n\t\t\t\t<\/div>\n\t\t\t\t\t<\/div>\n\t\t\t\t<\/div>\n\t\t\t\t<\/div>\n\t\t","protected":false},"excerpt":{"rendered":"<p>Projets Si Yuan Si Yuan veut inspirer les acupuncteurs M\u00e9thode d\u2019Equilibre qu\u2019il forme \u00e0 r\u00e9aliser tout leur potentiel. Ce processus de d\u00e9veloppement personnel n\u00e9cessite une formation continue, une pratique r\u00e9p\u00e9t\u00e9e et de nouveaux d\u00e9fis Ainsi, de nombreux praticiens Si Yuan ont investi leur temps, leur \u00e9nergie et leur argent en &hellip; <\/p>\n","protected":false},"author":1,"featured_media":0,"parent":0,"menu_order":0,"comment_status":"closed","ping_status":"closed","template":"","meta":{"footnotes":""},"class_list":["post-86786","page","type-page","status-publish","hentry"],"_links":{"self":[{"href":"https:\/\/www.siyuanbalance.com\/fr\/wp-json\/wp\/v2\/pages\/86786","targetHints":{"allow":["GET"]}}],"collection":[{"href":"https:\/\/www.siyuanbalance.com\/fr\/wp-json\/wp\/v2\/pages"}],"about":[{"href":"https:\/\/www.siyuanbalance.com\/fr\/wp-json\/wp\/v2\/types\/page"}],"author":[{"embeddable":true,"href":"https:\/\/www.siyuanbalance.com\/fr\/wp-json\/wp\/v2\/users\/1"}],"replies":[{"embeddable":true,"href":"https:\/\/www.siyuanbalance.com\/fr\/wp-json\/wp\/v2\/comments?post=86786"}],"version-history":[{"count":1,"href":"https:\/\/www.siyuanbalance.com\/fr\/wp-json\/wp\/v2\/pages\/86786\/revisions"}],"predecessor-version":[{"id":86787,"href":"https:\/\/www.siyuanbalance.com\/fr\/wp-json\/wp\/v2\/pages\/86786\/revisions\/86787"}],"wp:attachment":[{"href":"https:\/\/www.siyuanbalance.com\/fr\/wp-json\/wp\/v2\/media?parent=86786"}],"curies":[{"name":"wp","href":"https:\/\/api.w.org\/{rel}","templated":true}]}}