{"id":86793,"date":"2025-04-08T18:00:38","date_gmt":"2025-04-08T17:00:38","guid":{"rendered":"https:\/\/www.siyuanbalance.com\/t-shirts\/"},"modified":"2025-04-08T19:22:39","modified_gmt":"2025-04-08T18:22:39","slug":"t-shirts","status":"publish","type":"page","link":"https:\/\/www.siyuanbalance.com\/fr\/t-shirts\/","title":{"rendered":"T-shirts"},"content":{"rendered":"\t\t<div data-elementor-type=\"wp-page\" data-elementor-id=\"86793\" class=\"elementor elementor-86793 elementor-86192\" data-elementor-post-type=\"page\">\n\t\t\t\t<div class=\"elementor-element elementor-element-7a556cab e-flex e-con-boxed e-con e-parent\" data-id=\"7a556cab\" data-element_type=\"container\">\n\t\t\t\t\t<div class=\"e-con-inner\">\n\t\t\t\t<div class=\"elementor-element elementor-element-7d5afceb elementor-widget__width-inherit elementor-widget thim-ekits-heading elementor-widget-thim-heading\" data-id=\"7d5afceb\" data-element_type=\"widget\" data-widget_type=\"thim-heading.default\">\n\t\t\t\t<div class=\"elementor-widget-container\">\n\t\t\t\t\t<div class=\"sc_heading\"><h1 class=\"title\">T-shirts <\/h1><span class=\"line\"><\/span><\/div>\t\t\t\t<\/div>\n\t\t\t\t<\/div>\n\t\t\t\t<div class=\"elementor-element elementor-element-1d437dc5 elementor-widget__width-inherit elementor-widget elementor-widget-text-editor\" data-id=\"1d437dc5\" data-element_type=\"widget\" data-widget_type=\"text-editor.default\">\n\t\t\t\t<div class=\"elementor-widget-container\">\n\t\t\t\t\t\t\t\t\t<h2>Soutenez un Projet d\u2019Acupuncture Humanitaire<\/h2><p>Soyez fiers d\u2019appartenir \u00e0 la lign\u00e9e de la M\u00e9thode d\u2019Equilibre et apportez l\u2019\u00e9quilibre \u00e0 des communaut\u00e9s n\u00e9cessiteuses gr\u00e2ce \u00e0 des projets de soin de sant\u00e9 durables.<\/p>\t\t\t\t\t\t\t\t<\/div>\n\t\t\t\t<\/div>\n\t\t\t\t<div class=\"elementor-element elementor-element-31ae2f12 elementor-widget thim-widget-gallery-images\" data-id=\"31ae2f12\" data-element_type=\"widget\" data-widget_type=\"thim-gallery-images.default\">\n\t\t\t\t<div class=\"elementor-widget-container\">\n\t\t\t\t\t<div class=\"thim-carousel-wrapper gallery-img\" data-visible=\"1\" data-autoplay=\"5000\" data-navigation=\"1\" data-pagination=\"0\" data-loop=\"true\"><div class=\"item\"><img fetchpriority=\"high\" decoding=\"async\" width=\"1310\" height=\"580\" src=\"https:\/\/www.siyuanbalance.com\/wp-content\/uploads\/2025\/04\/TShirt-Team.jpg\" class=\"attachment-full size-full\" alt=\"\" srcset=\"https:\/\/www.siyuanbalance.com\/wp-content\/uploads\/2025\/04\/TShirt-Team.jpg 1310w, https:\/\/www.siyuanbalance.com\/wp-content\/uploads\/2025\/04\/TShirt-Team-300x133.jpg 300w, https:\/\/www.siyuanbalance.com\/wp-content\/uploads\/2025\/04\/TShirt-Team-1024x453.jpg 1024w, https:\/\/www.siyuanbalance.com\/wp-content\/uploads\/2025\/04\/TShirt-Team-768x340.jpg 768w\" sizes=\"(max-width: 1310px) 100vw, 1310px\" \/><\/div><div class=\"item\"><img decoding=\"async\" width=\"1310\" height=\"580\" src=\"https:\/\/www.siyuanbalance.com\/wp-content\/uploads\/2025\/04\/TShirt-Team-back.jpg\" class=\"attachment-full size-full\" alt=\"\" srcset=\"https:\/\/www.siyuanbalance.com\/wp-content\/uploads\/2025\/04\/TShirt-Team-back.jpg 1310w, https:\/\/www.siyuanbalance.com\/wp-content\/uploads\/2025\/04\/TShirt-Team-back-300x133.jpg 300w, https:\/\/www.siyuanbalance.com\/wp-content\/uploads\/2025\/04\/TShirt-Team-back-1024x453.jpg 1024w, https:\/\/www.siyuanbalance.com\/wp-content\/uploads\/2025\/04\/TShirt-Team-back-768x340.jpg 768w\" sizes=\"(max-width: 1310px) 100vw, 1310px\" \/><\/div><\/div>\t\t\t\t<\/div>\n\t\t\t\t<\/div>\n\t\t\t\t<div class=\"elementor-element elementor-element-4d2878ed elementor-widget elementor-widget-text-editor\" data-id=\"4d2878ed\" data-element_type=\"widget\" data-widget_type=\"text-editor.default\">\n\t\t\t\t<div class=\"elementor-widget-container\">\n\t\t\t\t\t\t\t\t\t<p>Tous les b\u00e9n\u00e9fices des ventes de T-shirts Si Yuan sont revers\u00e9s en soutien aux projets de l\u2019association <a href=\"https:\/\/www.gbalance.org\/\" target=\"_blank\" rel=\"noopener noreferrer\">Global Balance Foundation<\/a>.<\/p><p>Merci pour votre int\u00e9r\u00eat et votre aide. Commandez maintenant votre T-shirt 100% coton Si Yuan M\u00e9thode d\u2019Equilibre. Portez le dans votre cabinet, chez vous et pendant vos loisirs. C\u2019est un moyen agr\u00e9able et efficace d\u2019engager la conversation sur votre pratique de l\u2019acupuncture.<\/p><p>Ayez une belle apparence et attirez de nouveaux patients !<\/p>\t\t\t\t\t\t\t\t<\/div>\n\t\t\t\t<\/div>\n\t\t\t\t\t<\/div>\n\t\t\t\t<\/div>\n\t\t<div class=\"elementor-element elementor-element-62a28832 e-flex e-con-boxed e-con e-parent\" data-id=\"62a28832\" data-element_type=\"container\">\n\t\t\t\t\t<div class=\"e-con-inner\">\n\t\t<div class=\"elementor-element elementor-element-4bdcf6c0 e-con-full e-flex e-con e-child\" data-id=\"4bdcf6c0\" data-element_type=\"container\">\n\t\t\t\t<div class=\"elementor-element elementor-element-168d0634 elementor-widget thim-widget-gallery-images\" data-id=\"168d0634\" data-element_type=\"widget\" data-widget_type=\"thim-gallery-images.default\">\n\t\t\t\t<div class=\"elementor-widget-container\">\n\t\t\t\t\t<div class=\"thim-carousel-wrapper gallery-img not_have_color\" data-visible=\"1\" data-autoplay=\"0\" data-navigation=\"1\" data-pagination=\"1\" data-loop=\"true\"><div class=\"item\"><img decoding=\"async\" width=\"400\" height=\"400\" src=\"https:\/\/www.siyuanbalance.com\/wp-content\/uploads\/2025\/04\/tshirt-04.png\" class=\"attachment-full size-full\" alt=\"\" srcset=\"https:\/\/www.siyuanbalance.com\/wp-content\/uploads\/2025\/04\/tshirt-04.png 400w, https:\/\/www.siyuanbalance.com\/wp-content\/uploads\/2025\/04\/tshirt-04-150x150.png 150w, https:\/\/www.siyuanbalance.com\/wp-content\/uploads\/2025\/04\/tshirt-04-100x100.png 100w, https:\/\/www.siyuanbalance.com\/wp-content\/uploads\/2025\/04\/tshirt-04-300x300.png 300w\" sizes=\"(max-width: 400px) 100vw, 400px\" \/><\/div><div class=\"item\"><img loading=\"lazy\" decoding=\"async\" width=\"400\" height=\"400\" src=\"https:\/\/www.siyuanbalance.com\/wp-content\/uploads\/2025\/04\/tshirt-03.png\" class=\"attachment-full size-full\" alt=\"\" srcset=\"https:\/\/www.siyuanbalance.com\/wp-content\/uploads\/2025\/04\/tshirt-03.png 400w, https:\/\/www.siyuanbalance.com\/wp-content\/uploads\/2025\/04\/tshirt-03-150x150.png 150w, https:\/\/www.siyuanbalance.com\/wp-content\/uploads\/2025\/04\/tshirt-03-100x100.png 100w, https:\/\/www.siyuanbalance.com\/wp-content\/uploads\/2025\/04\/tshirt-03-300x300.png 300w\" sizes=\"(max-width: 400px) 100vw, 400px\" \/><\/div><div class=\"item\"><img loading=\"lazy\" decoding=\"async\" width=\"400\" height=\"400\" src=\"https:\/\/www.siyuanbalance.com\/wp-content\/uploads\/2025\/04\/tshirt-02.png\" class=\"attachment-full size-full\" alt=\"\" srcset=\"https:\/\/www.siyuanbalance.com\/wp-content\/uploads\/2025\/04\/tshirt-02.png 400w, https:\/\/www.siyuanbalance.com\/wp-content\/uploads\/2025\/04\/tshirt-02-150x150.png 150w, https:\/\/www.siyuanbalance.com\/wp-content\/uploads\/2025\/04\/tshirt-02-100x100.png 100w, https:\/\/www.siyuanbalance.com\/wp-content\/uploads\/2025\/04\/tshirt-02-300x300.png 300w\" sizes=\"(max-width: 400px) 100vw, 400px\" \/><\/div><div class=\"item\"><img loading=\"lazy\" decoding=\"async\" width=\"400\" height=\"400\" src=\"https:\/\/www.siyuanbalance.com\/wp-content\/uploads\/2025\/04\/tshirt-01.png\" class=\"attachment-full size-full\" alt=\"\" srcset=\"https:\/\/www.siyuanbalance.com\/wp-content\/uploads\/2025\/04\/tshirt-01.png 400w, https:\/\/www.siyuanbalance.com\/wp-content\/uploads\/2025\/04\/tshirt-01-150x150.png 150w, https:\/\/www.siyuanbalance.com\/wp-content\/uploads\/2025\/04\/tshirt-01-100x100.png 100w, https:\/\/www.siyuanbalance.com\/wp-content\/uploads\/2025\/04\/tshirt-01-300x300.png 300w\" sizes=\"(max-width: 400px) 100vw, 400px\" \/><\/div><\/div>\t\t\t\t<\/div>\n\t\t\t\t<\/div>\n\t\t\t\t<\/div>\n\t\t<div class=\"elementor-element elementor-element-494f1bd5 e-con-full e-flex e-con e-child\" data-id=\"494f1bd5\" data-element_type=\"container\">\n\t\t\t\t<div class=\"elementor-element elementor-element-9bdafb6 elementor-widget elementor-widget-thim-ekits-list-product\" data-id=\"9bdafb6\" data-element_type=\"widget\" data-widget_type=\"thim-ekits-list-product.default\">\n\t\t\t\t<div class=\"elementor-widget-container\">\n\t\t\t\t\t\t\t\t<div class=\"thim-ekits-product woocommerce\">\n\t\t\t\t<div class=\"thim-ekits-product__inner\">\n\t\t\t\t\t\t\t\t\t\t\t<div class=\"thim-ekits-product__item product type-product post-41196 status-publish first instock product_cat-t-shirts-fr has-post-thumbnail shipping-taxable purchasable product-type-variable has-default-attributes\">\n\t\t\t\t\t\t\t<img loading=\"lazy\" decoding=\"async\" width=\"150\" height=\"150\" src=\"https:\/\/www.siyuanbalance.com\/wp-content\/uploads\/2018\/06\/tshirt-noir-avant-150x150.jpg\" class=\"attachment-woocommerce_thumbnail size-woocommerce_thumbnail\" alt=\"TShirt-Noir\" srcset=\"https:\/\/www.siyuanbalance.com\/wp-content\/uploads\/2018\/06\/tshirt-noir-avant-150x150.jpg 150w, https:\/\/www.siyuanbalance.com\/wp-content\/uploads\/2018\/06\/tshirt-noir-avant-100x100.jpg 100w, https:\/\/www.siyuanbalance.com\/wp-content\/uploads\/2018\/06\/tshirt-noir-avant-300x300.jpg 300w, https:\/\/www.siyuanbalance.com\/wp-content\/uploads\/2018\/06\/tshirt-noir-avant-90x90.jpg 90w, https:\/\/www.siyuanbalance.com\/wp-content\/uploads\/2018\/06\/tshirt-noir-avant-135x135.jpg 135w, https:\/\/www.siyuanbalance.com\/wp-content\/uploads\/2018\/06\/tshirt-noir-avant-48x48.jpg 48w, https:\/\/www.siyuanbalance.com\/wp-content\/uploads\/2018\/06\/tshirt-noir-avant-60x60.jpg 60w, https:\/\/www.siyuanbalance.com\/wp-content\/uploads\/2018\/06\/tshirt-noir-avant-364x364.jpg 364w, https:\/\/www.siyuanbalance.com\/wp-content\/uploads\/2018\/06\/tshirt-noir-avant-270x270.jpg 270w, https:\/\/www.siyuanbalance.com\/wp-content\/uploads\/2018\/06\/tshirt-noir-avant-96x96.jpg 96w, https:\/\/www.siyuanbalance.com\/wp-content\/uploads\/2018\/06\/tshirt-noir-avant-120x120.jpg 120w, https:\/\/www.siyuanbalance.com\/wp-content\/uploads\/2018\/06\/tshirt-noir-avant-32x32.jpg 32w, https:\/\/www.siyuanbalance.com\/wp-content\/uploads\/2018\/06\/tshirt-noir-avant.jpg 400w\" sizes=\"(max-width: 150px) 100vw, 150px\" \/><h2 class=\"woocommerce-loop-product__title\">TShirt-Noir<\/h2>\n\t<span class=\"price\"><span class=\"woocommerce-Price-amount amount\"><bdi><span class=\"woocommerce-Price-currencySymbol\">&euro;<\/span>25.00<\/bdi><\/span><\/span>\n<\/a><a href=\"https:\/\/www.siyuanbalance.com\/fr\/produit\/tshirt-noir\/\" aria-describedby=\"woocommerce_loop_add_to_cart_link_describedby_41196\" data-quantity=\"1\" class=\"button product_type_variable add_to_cart_button\" data-product_id=\"41196\" data-product_sku=\"TSBlack\" aria-label=\"S\u00e9lectionner les options pour &ldquo;TShirt-Noir&rdquo;\" rel=\"nofollow\">Choix des options<\/a>\t<span id=\"woocommerce_loop_add_to_cart_link_describedby_41196\" class=\"screen-reader-text\">\n\t\tCe produit a plusieurs variations. Les options peuvent \u00eatre choisies sur la page du produit\t<\/span>\n\t\t\t\t\t\t<\/div>\n\t\t\t\t\t\t\t\t\t\t\t\t<div class=\"thim-ekits-product__item product type-product post-41190 status-publish instock product_cat-t-shirts-fr has-post-thumbnail shipping-taxable purchasable product-type-variable\">\n\t\t\t\t\t\t\t<img loading=\"lazy\" decoding=\"async\" width=\"150\" height=\"150\" src=\"https:\/\/www.siyuanbalance.com\/wp-content\/uploads\/2018\/06\/tshirt-blanc-avant-150x150.jpg\" class=\"attachment-woocommerce_thumbnail size-woocommerce_thumbnail\" alt=\"TShirt-Blanc\" srcset=\"https:\/\/www.siyuanbalance.com\/wp-content\/uploads\/2018\/06\/tshirt-blanc-avant-150x150.jpg 150w, https:\/\/www.siyuanbalance.com\/wp-content\/uploads\/2018\/06\/tshirt-blanc-avant-100x100.jpg 100w, https:\/\/www.siyuanbalance.com\/wp-content\/uploads\/2018\/06\/tshirt-blanc-avant-300x300.jpg 300w, https:\/\/www.siyuanbalance.com\/wp-content\/uploads\/2018\/06\/tshirt-blanc-avant-90x90.jpg 90w, https:\/\/www.siyuanbalance.com\/wp-content\/uploads\/2018\/06\/tshirt-blanc-avant-135x135.jpg 135w, https:\/\/www.siyuanbalance.com\/wp-content\/uploads\/2018\/06\/tshirt-blanc-avant-48x48.jpg 48w, https:\/\/www.siyuanbalance.com\/wp-content\/uploads\/2018\/06\/tshirt-blanc-avant-60x60.jpg 60w, https:\/\/www.siyuanbalance.com\/wp-content\/uploads\/2018\/06\/tshirt-blanc-avant-364x364.jpg 364w, https:\/\/www.siyuanbalance.com\/wp-content\/uploads\/2018\/06\/tshirt-blanc-avant-270x270.jpg 270w, https:\/\/www.siyuanbalance.com\/wp-content\/uploads\/2018\/06\/tshirt-blanc-avant-96x96.jpg 96w, https:\/\/www.siyuanbalance.com\/wp-content\/uploads\/2018\/06\/tshirt-blanc-avant-120x120.jpg 120w, https:\/\/www.siyuanbalance.com\/wp-content\/uploads\/2018\/06\/tshirt-blanc-avant-32x32.jpg 32w, https:\/\/www.siyuanbalance.com\/wp-content\/uploads\/2018\/06\/tshirt-blanc-avant.jpg 400w\" sizes=\"(max-width: 150px) 100vw, 150px\" \/><h2 class=\"woocommerce-loop-product__title\">TShirt-Blanc<\/h2>\n\t<span class=\"price\"><span class=\"woocommerce-Price-amount amount\"><bdi><span class=\"woocommerce-Price-currencySymbol\">&euro;<\/span>25.00<\/bdi><\/span><\/span>\n<\/a><a href=\"https:\/\/www.siyuanbalance.com\/fr\/produit\/tshirt-blanc\/\" aria-describedby=\"woocommerce_loop_add_to_cart_link_describedby_41190\" data-quantity=\"1\" class=\"button product_type_variable add_to_cart_button\" data-product_id=\"41190\" data-product_sku=\"TSWhite\" aria-label=\"S\u00e9lectionner les options pour &ldquo;TShirt-Blanc&rdquo;\" rel=\"nofollow\">Choix des options<\/a>\t<span id=\"woocommerce_loop_add_to_cart_link_describedby_41190\" class=\"screen-reader-text\">\n\t\tCe produit a plusieurs variations. Les options peuvent \u00eatre choisies sur la page du produit\t<\/span>\n\t\t\t\t\t\t<\/div>\n\t\t\t\t\t\t\t\t\t\t<\/div>\n\t\t\t<\/div>\n\t\t\t\t\t\t\t<\/div>\n\t\t\t\t<\/div>\n\t\t\t\t<\/div>\n\t\t\t\t\t<\/div>\n\t\t\t\t<\/div>\n\t\t<div class=\"elementor-element elementor-element-35738abd e-flex e-con-boxed e-con e-parent\" data-id=\"35738abd\" data-element_type=\"container\">\n\t\t\t\t\t<div class=\"e-con-inner\">\n\t\t<div class=\"elementor-element elementor-element-7ef336c9 e-con-full e-flex e-con e-child\" data-id=\"7ef336c9\" data-element_type=\"container\">\n\t\t\t\t<div class=\"elementor-element elementor-element-5800bcd8 elementor-widget elementor-widget-image\" data-id=\"5800bcd8\" data-element_type=\"widget\" data-widget_type=\"image.default\">\n\t\t\t\t<div class=\"elementor-widget-container\">\n\t\t\t\t\t\t\t\t\t\t\t\t\t\t\t<img loading=\"lazy\" decoding=\"async\" width=\"334\" height=\"351\" src=\"https:\/\/www.siyuanbalance.com\/wp-content\/uploads\/2025\/04\/t-shirt-size-chart_red.jpg\" class=\"attachment-large size-large wp-image-85601\" alt=\"\" srcset=\"https:\/\/www.siyuanbalance.com\/wp-content\/uploads\/2025\/04\/t-shirt-size-chart_red.jpg 334w, https:\/\/www.siyuanbalance.com\/wp-content\/uploads\/2025\/04\/t-shirt-size-chart_red-300x315.jpg 300w, https:\/\/www.siyuanbalance.com\/wp-content\/uploads\/2025\/04\/t-shirt-size-chart_red-285x300.jpg 285w\" sizes=\"(max-width: 334px) 100vw, 334px\" \/>\t\t\t\t\t\t\t\t\t\t\t\t\t\t\t<\/div>\n\t\t\t\t<\/div>\n\t\t\t\t<\/div>\n\t\t<div class=\"elementor-element elementor-element-38b7f926 e-con-full e-flex e-con e-child\" data-id=\"38b7f926\" data-element_type=\"container\">\n\t\t\t\t<div class=\"elementor-element elementor-element-16ae5a92 elementor-widget elementor-widget-text-editor\" data-id=\"16ae5a92\" data-element_type=\"widget\" data-widget_type=\"text-editor.default\">\n\t\t\t\t<div class=\"elementor-widget-container\">\n\t\t\t\t\t\t\t\t\t<table style=\"height: 139px;\" border=\"0\" width=\"186\" cellspacing=\"0\" cellpadding=\"0\">\n<tbody>\n<tr>\n<td>Size \/ cm<\/td>\n<td>A<\/td>\n<td>B<\/td>\n<\/tr>\n<tr>\n<td>XS<\/td>\n<td>47<\/td>\n<td>61<\/td>\n<\/tr>\n<tr>\n<td>S<\/td>\n<td>48<\/td>\n<td>68<\/td>\n<\/tr>\n<tr>\n<td>M<\/td>\n<td>52<\/td>\n<td>70<\/td>\n<\/tr>\n<tr>\n<td>L<\/td>\n<td>55<\/td>\n<td>73<\/td>\n<\/tr>\n<tr>\n<td>XL<\/td>\n<td>56<\/td>\n<td>76<\/td>\n<\/tr>\n<\/tbody>\n<\/table>\t\t\t\t\t\t\t\t<\/div>\n\t\t\t\t<\/div>\n\t\t\t\t<\/div>\n\t\t\t\t\t<\/div>\n\t\t\t\t<\/div>\n\t\t\t\t<\/div>\n\t\t","protected":false},"excerpt":{"rendered":"<p>T-shirts Soutenez un Projet d\u2019Acupuncture Humanitaire Soyez fiers d\u2019appartenir \u00e0 la lign\u00e9e de la M\u00e9thode d\u2019Equilibre et apportez l\u2019\u00e9quilibre \u00e0 des communaut\u00e9s n\u00e9cessiteuses gr\u00e2ce \u00e0 des projets de soin de sant\u00e9 durables. Tous les b\u00e9n\u00e9fices des ventes de T-shirts Si Yuan sont revers\u00e9s en soutien aux projets de l\u2019association Global &hellip; <\/p>\n","protected":false},"author":1,"featured_media":0,"parent":0,"menu_order":0,"comment_status":"closed","ping_status":"closed","template":"","meta":{"footnotes":""},"class_list":["post-86793","page","type-page","status-publish","hentry"],"_links":{"self":[{"href":"https:\/\/www.siyuanbalance.com\/fr\/wp-json\/wp\/v2\/pages\/86793","targetHints":{"allow":["GET"]}}],"collection":[{"href":"https:\/\/www.siyuanbalance.com\/fr\/wp-json\/wp\/v2\/pages"}],"about":[{"href":"https:\/\/www.siyuanbalance.com\/fr\/wp-json\/wp\/v2\/types\/page"}],"author":[{"embeddable":true,"href":"https:\/\/www.siyuanbalance.com\/fr\/wp-json\/wp\/v2\/users\/1"}],"replies":[{"embeddable":true,"href":"https:\/\/www.siyuanbalance.com\/fr\/wp-json\/wp\/v2\/comments?post=86793"}],"version-history":[{"count":1,"href":"https:\/\/www.siyuanbalance.com\/fr\/wp-json\/wp\/v2\/pages\/86793\/revisions"}],"predecessor-version":[{"id":86874,"href":"https:\/\/www.siyuanbalance.com\/fr\/wp-json\/wp\/v2\/pages\/86793\/revisions\/86874"}],"wp:attachment":[{"href":"https:\/\/www.siyuanbalance.com\/fr\/wp-json\/wp\/v2\/media?parent=86793"}],"curies":[{"name":"wp","href":"https:\/\/api.w.org\/{rel}","templated":true}]}}