{"id":98677,"date":"2026-04-14T09:15:24","date_gmt":"2026-04-14T08:15:24","guid":{"rendered":"https:\/\/www.siyuanbalance.com\/aiguilles-dacuponcture\/"},"modified":"2026-04-28T10:01:28","modified_gmt":"2026-04-28T09:01:28","slug":"aiguilles-dacuponcture","status":"publish","type":"page","link":"https:\/\/www.siyuanbalance.com\/fr\/aiguilles-dacuponcture\/","title":{"rendered":"Aiguilles d&rsquo;acuponcture"},"content":{"rendered":"\t\t<div data-elementor-type=\"wp-page\" data-elementor-id=\"98677\" class=\"elementor elementor-98677 elementor-98657\" data-elementor-post-type=\"page\">\n\t\t\t\t<div class=\"elementor-element elementor-element-3341d8ce e-flex e-con-boxed e-con e-parent\" data-id=\"3341d8ce\" data-element_type=\"container\">\n\t\t\t\t\t<div class=\"e-con-inner\">\n\t\t\t\t<div class=\"elementor-element elementor-element-2ef5431b elementor-widget__width-inherit elementor-widget thim-ekits-heading elementor-widget-thim-heading\" data-id=\"2ef5431b\" data-element_type=\"widget\" data-widget_type=\"thim-heading.default\">\n\t\t\t\t<div class=\"elementor-widget-container\">\n\t\t\t\t\t<div class=\"sc_heading\"><h1 class=\"title\">Aiguilles d'acuponcture <\/h1><span class=\"line\"><\/span><\/div>\t\t\t\t<\/div>\n\t\t\t\t<\/div>\n\t\t\t\t<div class=\"elementor-element elementor-element-6975ad51 elementor-widget__width-inherit elementor-widget elementor-widget-text-editor\" data-id=\"6975ad51\" data-element_type=\"widget\" data-widget_type=\"text-editor.default\">\n\t\t\t\t<div class=\"elementor-widget-container\">\n\t\t\t\t\t\t\t\t\t<p>Nous collaborons avec des partenaires de confiance sp\u00e9cialis\u00e9s dans la vente d\u2019aiguilles d\u2019acupuncture de haute qualit\u00e9. S\u00e9lectionn\u00e9es avec soin, leurs gammes r\u00e9pondent aux exigences des praticiens, alliant pr\u00e9cision, s\u00e9curit\u00e9 et confort d\u2019utilisation. <\/p>\t\t\t\t\t\t\t\t<\/div>\n\t\t\t\t<\/div>\n\t\t\t\t\t<\/div>\n\t\t\t\t<\/div>\n\t\t<div class=\"elementor-element elementor-element-431716c0 e-flex e-con-boxed e-con e-parent\" data-id=\"431716c0\" data-element_type=\"container\" data-settings=\"{&quot;background_background&quot;:&quot;classic&quot;}\">\n\t\t\t\t\t<div class=\"e-con-inner\">\n\t\t\t\t<div class=\"elementor-element elementor-element-2691de93 elementor-widget__width-initial elementor-widget-mobile__width-inherit elementor-invisible elementor-widget elementor-widget-image\" data-id=\"2691de93\" data-element_type=\"widget\" data-settings=\"{&quot;_animation&quot;:&quot;fadeInLeft&quot;}\" data-widget_type=\"image.default\">\n\t\t\t\t<div class=\"elementor-widget-container\">\n\t\t\t\t\t\t\t\t\t\t\t\t\t\t\t<img fetchpriority=\"high\" decoding=\"async\" width=\"600\" height=\"600\" src=\"https:\/\/www.siyuanbalance.com\/wp-content\/uploads\/2026\/04\/YD-Web-transparencia3.png\" class=\"attachment-full size-full wp-image-98661\" alt=\"\" srcset=\"https:\/\/www.siyuanbalance.com\/wp-content\/uploads\/2026\/04\/YD-Web-transparencia3.png 600w, https:\/\/www.siyuanbalance.com\/wp-content\/uploads\/2026\/04\/YD-Web-transparencia3-300x300.png 300w, https:\/\/www.siyuanbalance.com\/wp-content\/uploads\/2026\/04\/YD-Web-transparencia3-150x150.png 150w, https:\/\/www.siyuanbalance.com\/wp-content\/uploads\/2026\/04\/YD-Web-transparencia3-100x100.png 100w\" sizes=\"(max-width: 600px) 100vw, 600px\" \/>\t\t\t\t\t\t\t\t\t\t\t\t\t\t\t<\/div>\n\t\t\t\t<\/div>\n\t\t<div class=\"elementor-element elementor-element-6fc96d74 e-con-full e-flex e-con e-child\" data-id=\"6fc96d74\" data-element_type=\"container\">\n\t\t\t\t<div class=\"elementor-element elementor-element-430e32ca elementor-headline--style-highlight elementor-widget elementor-widget-animated-headline\" data-id=\"430e32ca\" data-element_type=\"widget\" data-settings=\"{&quot;marker&quot;:&quot;underline&quot;,&quot;highlighted_text&quot;:&quot;YAO DAO&quot;,&quot;headline_style&quot;:&quot;highlight&quot;,&quot;loop&quot;:&quot;yes&quot;,&quot;highlight_animation_duration&quot;:1200,&quot;highlight_iteration_delay&quot;:8000}\" data-widget_type=\"animated-headline.default\">\n\t\t\t\t<div class=\"elementor-widget-container\">\n\t\t\t\t\t\t\t<h2 class=\"elementor-headline\">\n\t\t\t\t<span class=\"elementor-headline-dynamic-wrapper elementor-headline-text-wrapper\">\n\t\t\t\t\t<span class=\"elementor-headline-dynamic-text elementor-headline-text-active\">YAO DAO<\/span>\n\t\t\t\t<\/span>\n\t\t\t\t<\/h2>\n\t\t\t\t\t\t<\/div>\n\t\t\t\t<\/div>\n\t\t\t\t<div class=\"elementor-element elementor-element-760e51c2 elementor-widget elementor-widget-text-editor\" data-id=\"760e51c2\" data-element_type=\"widget\" data-widget_type=\"text-editor.default\">\n\t\t\t\t<div class=\"elementor-widget-container\">\n\t\t\t\t\t\t\t\t\t<p>Inspir\u00e9e de la m\u00e9decine traditionnelle chinoise, Yao Dao allie sagesse ancestrale et exigences actuelles en proposant des produits de haute qualit\u00e9, s\u00fbrs et tra\u00e7ables. Gr\u00e2ce \u00e0 des partenariats fiables, chaque plante, formule ou aiguille est con\u00e7ue pour offrir efficacit\u00e9, constance et respect de l\u2019environnement.<\/p><p>Un choix professionnel, durable et align\u00e9 avec les exigences actuelles du soin.<\/p><p>Nous recommandons vivement ces aiguilles \u00e9cologiques et tenons \u00e0 remercier chaleureusement Yao Dao de les avoir mises \u00e0 disposition.<\/p>\t\t\t\t\t\t\t\t<\/div>\n\t\t\t\t<\/div>\n\t\t\t\t<div class=\"elementor-element elementor-element-ef9bd1e elementor-widget elementor-widget-button\" data-id=\"ef9bd1e\" data-element_type=\"widget\" data-widget_type=\"button.default\">\n\t\t\t\t<div class=\"elementor-widget-container\">\n\t\t\t\t\t\t\t\t\t<div class=\"elementor-button-wrapper\">\n\t\t\t\t\t<a class=\"elementor-button elementor-button-link elementor-size-sm\" href=\"https:\/\/www.yao-dao.com\/Encyclopedie\/Store?name=&#038;page=0&#038;category=20\" target=\"_blank\" rel=\"noopener\">\n\t\t\t\t\t\t<span class=\"elementor-button-content-wrapper\">\n\t\t\t\t\t\t\t\t\t<span class=\"elementor-button-text\">Acheter des aiguilles<\/span>\n\t\t\t\t\t<\/span>\n\t\t\t\t\t<\/a>\n\t\t\t\t<\/div>\n\t\t\t\t\t\t\t\t<\/div>\n\t\t\t\t<\/div>\n\t\t\t\t<div class=\"elementor-element elementor-element-55a1178 elementor-widget elementor-widget-button\" data-id=\"55a1178\" data-element_type=\"widget\" data-widget_type=\"button.default\">\n\t\t\t\t<div class=\"elementor-widget-container\">\n\t\t\t\t\t\t\t\t\t<div class=\"elementor-button-wrapper\">\n\t\t\t\t\t<a class=\"elementor-button elementor-button-link elementor-size-sm\" href=\"https:\/\/www.siyuanbalance.com\/wp-content\/uploads\/2026\/04\/Needle-Catalogue_English_French_Portugese.pdf\" target=\"_blank\">\n\t\t\t\t\t\t<span class=\"elementor-button-content-wrapper\">\n\t\t\t\t\t\t\t\t\t<span class=\"elementor-button-text\">Voir le catalogue<\/span>\n\t\t\t\t\t<\/span>\n\t\t\t\t\t<\/a>\n\t\t\t\t<\/div>\n\t\t\t\t\t\t\t\t<\/div>\n\t\t\t\t<\/div>\n\t\t\t\t<\/div>\n\t\t\t\t\t<\/div>\n\t\t\t\t<\/div>\n\t\t<div class=\"elementor-element elementor-element-2a8c5ce e-flex e-con-boxed e-con e-parent\" data-id=\"2a8c5ce\" data-element_type=\"container\" data-settings=\"{&quot;background_background&quot;:&quot;classic&quot;}\">\n\t\t\t\t\t<div class=\"e-con-inner\">\n\t\t\t\t<div class=\"elementor-element elementor-element-480dc47 elementor-widget__width-initial elementor-widget-mobile__width-inherit elementor-invisible elementor-widget elementor-widget-image\" data-id=\"480dc47\" data-element_type=\"widget\" data-settings=\"{&quot;_animation&quot;:&quot;fadeInLeft&quot;}\" data-widget_type=\"image.default\">\n\t\t\t\t<div class=\"elementor-widget-container\">\n\t\t\t\t\t\t\t\t\t\t\t\t\t\t\t<img decoding=\"async\" width=\"414\" height=\"243\" src=\"https:\/\/www.siyuanbalance.com\/wp-content\/uploads\/2015\/01\/logo-doc-save.jpg\" class=\"attachment-full size-full wp-image-60646\" alt=\"\" srcset=\"https:\/\/www.siyuanbalance.com\/wp-content\/uploads\/2015\/01\/logo-doc-save.jpg 414w, https:\/\/www.siyuanbalance.com\/wp-content\/uploads\/2015\/01\/logo-doc-save-300x176.jpg 300w, https:\/\/www.siyuanbalance.com\/wp-content\/uploads\/2015\/01\/logo-doc-save-102x60.jpg 102w, https:\/\/www.siyuanbalance.com\/wp-content\/uploads\/2015\/01\/logo-doc-save-364x214.jpg 364w\" sizes=\"(max-width: 414px) 100vw, 414px\" \/>\t\t\t\t\t\t\t\t\t\t\t\t\t\t\t<\/div>\n\t\t\t\t<\/div>\n\t\t<div class=\"elementor-element elementor-element-b7b86d5 e-con-full e-flex e-con e-child\" data-id=\"b7b86d5\" data-element_type=\"container\">\n\t\t\t\t<div class=\"elementor-element elementor-element-a51cc20 elementor-headline--style-highlight elementor-widget elementor-widget-animated-headline\" data-id=\"a51cc20\" data-element_type=\"widget\" data-settings=\"{&quot;marker&quot;:&quot;underline&quot;,&quot;highlighted_text&quot;:&quot;DOC SAVE&quot;,&quot;headline_style&quot;:&quot;highlight&quot;,&quot;loop&quot;:&quot;yes&quot;,&quot;highlight_animation_duration&quot;:1200,&quot;highlight_iteration_delay&quot;:8000}\" data-widget_type=\"animated-headline.default\">\n\t\t\t\t<div class=\"elementor-widget-container\">\n\t\t\t\t\t\t\t<h2 class=\"elementor-headline\">\n\t\t\t\t<span class=\"elementor-headline-dynamic-wrapper elementor-headline-text-wrapper\">\n\t\t\t\t\t<span class=\"elementor-headline-dynamic-text elementor-headline-text-active\">DOC SAVE<\/span>\n\t\t\t\t<\/span>\n\t\t\t\t<\/h2>\n\t\t\t\t\t\t<\/div>\n\t\t\t\t<\/div>\n\t\t\t\t<div class=\"elementor-element elementor-element-9803c16 elementor-widget elementor-widget-text-editor\" data-id=\"9803c16\" data-element_type=\"widget\" data-widget_type=\"text-editor.default\">\n\t\t\t\t<div class=\"elementor-widget-container\">\n\t\t\t\t\t\t\t\t\t<p class=\"elementor-image-box-description\">Depuis 2005, Doc Save propose une large gamme de produits destin\u00e9s aux praticiens de l&rsquo;acupuncture et de la m\u00e9decine traditionnelle chinoise. Plus de 1600 articles \u00e0 des prix comp\u00e9titifs. Service professionnel et personnalis\u00e9. Livraison rapide. Retrouvez tous nos produits sur docsave.fr. Demandez vos \u00e9chantillons gratuits en ligne.<\/p><h4>10% de r\u00e9duction sur les produits NonDolens\u00ae pour tous les praticiens certifi\u00e9s Si Yuan.<\/h4><p>En tant que membre certifi\u00e9 et r\u00e9f\u00e9renc\u00e9 comme ceux de Si Yuan, Doc Save veut vous soutenir en vous offrant les meilleurs prix. Vous b\u00e9n\u00e9ficiez d&rsquo;une r\u00e9duction de 10% toute l&rsquo;ann\u00e9e sur tous les produits NonDolens\u00ae en saisissant le code SIYUAN21 dans votre panier ou en cliquant sur le lien suivant : <a href=\"https:\/\/www.docsave.fr\/siyuan21\" target=\"_blank\" rel=\"noopener\">www.docsave.fr\/siyuan21<\/a><\/p>\t\t\t\t\t\t\t\t<\/div>\n\t\t\t\t<\/div>\n\t\t\t\t<\/div>\n\t\t\t\t\t<\/div>\n\t\t\t\t<\/div>\n\t\t\t\t<\/div>\n\t\t","protected":false},"excerpt":{"rendered":"<p>Nous collaborons avec des partenaires de confiance sp\u00e9cialis\u00e9s dans la vente d\u2019aiguilles d\u2019acupuncture de haute qualit\u00e9. S\u00e9lectionn\u00e9es avec soin, leurs gammes r\u00e9pondent aux exigences des praticiens, alliant pr\u00e9cision, s\u00e9curit\u00e9 et confort d\u2019utilisation. <\/p>\n","protected":false},"author":1,"featured_media":0,"parent":0,"menu_order":0,"comment_status":"closed","ping_status":"closed","template":"","meta":{"footnotes":""},"class_list":["post-98677","page","type-page","status-publish","hentry"],"_links":{"self":[{"href":"https:\/\/www.siyuanbalance.com\/fr\/wp-json\/wp\/v2\/pages\/98677","targetHints":{"allow":["GET"]}}],"collection":[{"href":"https:\/\/www.siyuanbalance.com\/fr\/wp-json\/wp\/v2\/pages"}],"about":[{"href":"https:\/\/www.siyuanbalance.com\/fr\/wp-json\/wp\/v2\/types\/page"}],"author":[{"embeddable":true,"href":"https:\/\/www.siyuanbalance.com\/fr\/wp-json\/wp\/v2\/users\/1"}],"replies":[{"embeddable":true,"href":"https:\/\/www.siyuanbalance.com\/fr\/wp-json\/wp\/v2\/comments?post=98677"}],"version-history":[{"count":1,"href":"https:\/\/www.siyuanbalance.com\/fr\/wp-json\/wp\/v2\/pages\/98677\/revisions"}],"predecessor-version":[{"id":98782,"href":"https:\/\/www.siyuanbalance.com\/fr\/wp-json\/wp\/v2\/pages\/98677\/revisions\/98782"}],"wp:attachment":[{"href":"https:\/\/www.siyuanbalance.com\/fr\/wp-json\/wp\/v2\/media?parent=98677"}],"curies":[{"name":"wp","href":"https:\/\/api.w.org\/{rel}","templated":true}]}}